{"id":128,"date":"2023-04-03T16:51:25","date_gmt":"2023-04-03T14:51:25","guid":{"rendered":"http:\/\/productiondumatin.fr\/productiondumatin\/?page_id=128"},"modified":"2024-11-07T10:12:16","modified_gmt":"2024-11-07T09:12:16","slug":"les-marchands-detoiles-2","status":"publish","type":"page","link":"http:\/\/productiondumatin.fr\/index.php\/les-marchands-detoiles-2\/","title":{"rendered":"Les Marchands d&rsquo;\u00e9toiles"},"content":{"rendered":"\n<div class=\"wp-block-columns is-layout-flex wp-container-core-columns-is-layout-2 wp-block-columns-is-layout-flex\">\n<div class=\"wp-block-column is-layout-flow wp-block-column-is-layout-flow\" style=\"flex-basis:100%\">\n<div class=\"wp-block-columns is-layout-flex wp-container-core-columns-is-layout-1 wp-block-columns-is-layout-flex\">\n<div class=\"wp-block-column is-layout-flow wp-block-column-is-layout-flow\" style=\"flex-basis:100%\">\n<figure class=\"wp-block-gallery has-nested-images columns-default is-cropped wp-block-gallery-1 is-layout-flex wp-block-gallery-is-layout-flex\">\n<figure class=\"wp-block-image size-large\"><img loading=\"lazy\" decoding=\"async\" width=\"768\" height=\"1024\" src=\"http:\/\/productiondumatin.fr\/productiondumatin\/wp-content\/uploads\/2023\/06\/Les-marchands-detoiles-visuel-la-bruyere-def-768x1024.jpg\" alt=\"\" class=\"wp-image-380\" srcset=\"http:\/\/productiondumatin.fr\/wp-content\/uploads\/2023\/06\/Les-marchands-detoiles-visuel-la-bruyere-def-768x1024.jpg 768w, http:\/\/productiondumatin.fr\/wp-content\/uploads\/2023\/06\/Les-marchands-detoiles-visuel-la-bruyere-def-225x300.jpg 225w, http:\/\/productiondumatin.fr\/wp-content\/uploads\/2023\/06\/Les-marchands-detoiles-visuel-la-bruyere-def-1152x1536.jpg 1152w, http:\/\/productiondumatin.fr\/wp-content\/uploads\/2023\/06\/Les-marchands-detoiles-visuel-la-bruyere-def-1536x2048.jpg 1536w, http:\/\/productiondumatin.fr\/wp-content\/uploads\/2023\/06\/Les-marchands-detoiles-visuel-la-bruyere-def-45x60.jpg 45w, http:\/\/productiondumatin.fr\/wp-content\/uploads\/2023\/06\/Les-marchands-detoiles-visuel-la-bruyere-def.jpg 1654w\" sizes=\"auto, (max-width: 768px) 100vw, 768px\" \/><\/figure>\n\n\n\n<figure class=\"wp-block-image size-full\"><img loading=\"lazy\" decoding=\"async\" width=\"992\" height=\"661\" src=\"http:\/\/productiondumatin.fr\/productiondumatin\/wp-content\/uploads\/2023\/06\/Photo-1-Les-marchands-detoiles-credit-florent-cleret.jpeg\" alt=\"\" class=\"wp-image-377\" srcset=\"http:\/\/productiondumatin.fr\/wp-content\/uploads\/2023\/06\/Photo-1-Les-marchands-detoiles-credit-florent-cleret.jpeg 992w, http:\/\/productiondumatin.fr\/wp-content\/uploads\/2023\/06\/Photo-1-Les-marchands-detoiles-credit-florent-cleret-300x200.jpeg 300w, http:\/\/productiondumatin.fr\/wp-content\/uploads\/2023\/06\/Photo-1-Les-marchands-detoiles-credit-florent-cleret-768x512.jpeg 768w, http:\/\/productiondumatin.fr\/wp-content\/uploads\/2023\/06\/Photo-1-Les-marchands-detoiles-credit-florent-cleret-90x60.jpeg 90w, http:\/\/productiondumatin.fr\/wp-content\/uploads\/2023\/06\/Photo-1-Les-marchands-detoiles-credit-florent-cleret-420x280.jpeg 420w\" sizes=\"auto, (max-width: 992px) 100vw, 992px\" \/><\/figure>\n\n\n\n<figure class=\"wp-block-image size-full\"><img loading=\"lazy\" decoding=\"async\" width=\"1066\" height=\"1600\" src=\"http:\/\/productiondumatin.fr\/productiondumatin\/wp-content\/uploads\/2023\/06\/Photo-2-Les-marchands-detoiles-credit-florent-cleret.jpeg\" alt=\"\" class=\"wp-image-379\" srcset=\"http:\/\/productiondumatin.fr\/wp-content\/uploads\/2023\/06\/Photo-2-Les-marchands-detoiles-credit-florent-cleret.jpeg 1066w, http:\/\/productiondumatin.fr\/wp-content\/uploads\/2023\/06\/Photo-2-Les-marchands-detoiles-credit-florent-cleret-200x300.jpeg 200w, http:\/\/productiondumatin.fr\/wp-content\/uploads\/2023\/06\/Photo-2-Les-marchands-detoiles-credit-florent-cleret-682x1024.jpeg 682w, http:\/\/productiondumatin.fr\/wp-content\/uploads\/2023\/06\/Photo-2-Les-marchands-detoiles-credit-florent-cleret-768x1153.jpeg 768w, http:\/\/productiondumatin.fr\/wp-content\/uploads\/2023\/06\/Photo-2-Les-marchands-detoiles-credit-florent-cleret-1023x1536.jpeg 1023w, http:\/\/productiondumatin.fr\/wp-content\/uploads\/2023\/06\/Photo-2-Les-marchands-detoiles-credit-florent-cleret-40x60.jpeg 40w\" sizes=\"auto, (max-width: 1066px) 100vw, 1066px\" \/><\/figure>\n\n\n\n<figure class=\"wp-block-image size-full\"><img loading=\"lazy\" decoding=\"async\" width=\"1600\" height=\"1066\" src=\"http:\/\/productiondumatin.fr\/productiondumatin\/wp-content\/uploads\/2023\/06\/Photo-3-Les-marchands-detoiles-credit-florent-cleret.jpeg\" alt=\"\" class=\"wp-image-378\" srcset=\"http:\/\/productiondumatin.fr\/wp-content\/uploads\/2023\/06\/Photo-3-Les-marchands-detoiles-credit-florent-cleret.jpeg 1600w, http:\/\/productiondumatin.fr\/wp-content\/uploads\/2023\/06\/Photo-3-Les-marchands-detoiles-credit-florent-cleret-300x200.jpeg 300w, http:\/\/productiondumatin.fr\/wp-content\/uploads\/2023\/06\/Photo-3-Les-marchands-detoiles-credit-florent-cleret-1024x682.jpeg 1024w, http:\/\/productiondumatin.fr\/wp-content\/uploads\/2023\/06\/Photo-3-Les-marchands-detoiles-credit-florent-cleret-768x512.jpeg 768w, http:\/\/productiondumatin.fr\/wp-content\/uploads\/2023\/06\/Photo-3-Les-marchands-detoiles-credit-florent-cleret-1536x1023.jpeg 1536w, http:\/\/productiondumatin.fr\/wp-content\/uploads\/2023\/06\/Photo-3-Les-marchands-detoiles-credit-florent-cleret-90x60.jpeg 90w, http:\/\/productiondumatin.fr\/wp-content\/uploads\/2023\/06\/Photo-3-Les-marchands-detoiles-credit-florent-cleret-420x280.jpeg 420w\" sizes=\"auto, (max-width: 1600px) 100vw, 1600px\" \/><\/figure>\n\n\n\n<figure class=\"wp-block-image size-full\"><img loading=\"lazy\" decoding=\"async\" width=\"1600\" height=\"1066\" src=\"http:\/\/productiondumatin.fr\/productiondumatin\/wp-content\/uploads\/2023\/06\/Photo-4-Les-marchands-detoiles-credit-florent-cleret.jpeg\" alt=\"\" class=\"wp-image-376\" srcset=\"http:\/\/productiondumatin.fr\/wp-content\/uploads\/2023\/06\/Photo-4-Les-marchands-detoiles-credit-florent-cleret.jpeg 1600w, http:\/\/productiondumatin.fr\/wp-content\/uploads\/2023\/06\/Photo-4-Les-marchands-detoiles-credit-florent-cleret-300x200.jpeg 300w, http:\/\/productiondumatin.fr\/wp-content\/uploads\/2023\/06\/Photo-4-Les-marchands-detoiles-credit-florent-cleret-1024x682.jpeg 1024w, http:\/\/productiondumatin.fr\/wp-content\/uploads\/2023\/06\/Photo-4-Les-marchands-detoiles-credit-florent-cleret-768x512.jpeg 768w, http:\/\/productiondumatin.fr\/wp-content\/uploads\/2023\/06\/Photo-4-Les-marchands-detoiles-credit-florent-cleret-1536x1023.jpeg 1536w, http:\/\/productiondumatin.fr\/wp-content\/uploads\/2023\/06\/Photo-4-Les-marchands-detoiles-credit-florent-cleret-90x60.jpeg 90w, http:\/\/productiondumatin.fr\/wp-content\/uploads\/2023\/06\/Photo-4-Les-marchands-detoiles-credit-florent-cleret-420x280.jpeg 420w\" sizes=\"auto, (max-width: 1600px) 100vw, 1600px\" \/><\/figure>\n<\/figure>\n<\/div>\n<\/div>\n<\/div>\n<\/div>\n\n\n\n<p><strong><em><mark style=\"background-color:rgba(0, 0, 0, 0);color:#34646e\" class=\"has-inline-color\">R\u00e9sum\u00e9 :<\/mark><\/em><\/strong>&nbsp;<\/p>\n\n\n\n<figure class=\"wp-block-image size-large\"><img loading=\"lazy\" decoding=\"async\" width=\"1024\" height=\"446\" src=\"http:\/\/productiondumatin.fr\/productiondumatin\/wp-content\/uploads\/2023\/06\/image-1-1024x446.png\" alt=\"\" class=\"wp-image-375\" srcset=\"http:\/\/productiondumatin.fr\/wp-content\/uploads\/2023\/06\/image-1-1024x446.png 1024w, http:\/\/productiondumatin.fr\/wp-content\/uploads\/2023\/06\/image-1-300x131.png 300w, http:\/\/productiondumatin.fr\/wp-content\/uploads\/2023\/06\/image-1-768x334.png 768w, http:\/\/productiondumatin.fr\/wp-content\/uploads\/2023\/06\/image-1-138x60.png 138w, http:\/\/productiondumatin.fr\/wp-content\/uploads\/2023\/06\/image-1.png 1139w\" sizes=\"auto, (max-width: 1024px) 100vw, 1024px\" \/><\/figure>\n\n\n\n<p><strong><em><mark style=\"background-color:rgba(0, 0, 0, 0);color:#34646e\" class=\"has-inline-color\">Billetterie :<\/mark><\/em><\/strong> <a href=\"https:\/\/www.lesplendid.com\/project\/les-marchands-detoiles\/\">r\u00e9servation-les marchands d&rsquo;\u00e9toiles<\/a><\/p>\n\n\n\n<div class=\"wp-block-columns is-layout-flex wp-container-core-columns-is-layout-3 wp-block-columns-is-layout-flex\">\n<div class=\"wp-block-column is-layout-flow wp-block-column-is-layout-flow\">\n<p><strong><em><mark style=\"background-color:rgba(0, 0, 0, 0);color:#34646e\" class=\"has-inline-color\">O\u00f9 voir le spectacle :&nbsp;<\/mark><\/em><\/strong><\/p>\n\n\n\n<ul class=\"wp-block-list\">\n<li>Du 23 ao\u00fbt 2024 au 30 juin 2025 : Th\u00e9\u00e2tre du SPLENDID (48 rue du Faubourg Saint-Martin<br>75010 Paris)<\/li>\n\n\n\n<li>A partir du 8 janvier 2025 : en Tourn\u00e9e dans toute la France (\u00e9galement en Belgique, Suisse&#8230;)<\/li>\n<\/ul>\n\n\n\n<p><strong><em><mark style=\"background-color:rgba(0, 0, 0, 0);color:#34646e\" class=\"has-inline-color\">Prix<\/mark><\/em><\/strong><mark style=\"font-weight: bold; font-style: italic; background-color: rgba(0, 0, 0, 0); color: rgb(52, 100, 110);\" class=\"has-inline-color\"> :\u00a0<\/mark><\/p>\n\n\n\n<ul class=\"wp-block-list\">\n<li><strong>Prix du meilleur auteur pour Anthony Michineau lors du festival d\u2019Avignon 2023<\/strong> (prix Presse)<\/li>\n\n\n\n<li><strong>Prix du meilleur metteur en sc\u00e8ne pour Julien Alluguette au festival d\u2019Avignon 2024<\/strong> (prix Presse)<\/li>\n<\/ul>\n\n\n\n<p><strong><em><mark style=\"background-color:rgba(0, 0, 0, 0);color:#34646e\" class=\"has-inline-color\">Auteur :<\/mark><\/em><\/strong> Anthony Michineau<\/p>\n\n\n\n<p><strong><em><mark style=\"background-color:rgba(0, 0, 0, 0);color:#34646e\" class=\"has-inline-color\">Metteur en sc\u00e8ne :&nbsp;<\/mark><\/em><\/strong>Julien Alluguette, assist\u00e9 de Blandine Guimard<\/p>\n\n\n\n<p><strong><em><mark style=\"background-color:rgba(0, 0, 0, 0);color:#34646e\" class=\"has-inline-color\">Distribution :\u00a0<\/mark><\/em><\/strong>Guillaume Bouch\u00e8de, Nicolas Martinez, St\u00e9phanie Caillol, Julien Crampon\u00a0et Anthony Michineau<\/p>\n\n\n\n<p><strong><em><mark style=\"background-color:rgba(0, 0, 0, 0);color:#34646e\" class=\"has-inline-color\">Cr\u00e9ation :&nbsp;<\/mark><\/em><\/strong><\/p>\n\n\n\n<ul class=\"wp-block-list\">\n<li>Sc\u00e9nographe : Georges Vauraz<\/li>\n\n\n\n<li>Affiche : Florian Le Priol<\/li>\n\n\n\n<li>Cr\u00e9ation sonore : Yohan Roques<\/li>\n<\/ul>\n\n\n\n<p><strong><em><mark style=\"background-color:rgba(0, 0, 0, 0);color:#34646e\" class=\"has-inline-color\">Partenaires :&nbsp;<\/mark><\/em><\/strong><\/p>\n\n\n\n<ul class=\"wp-block-list\">\n<li>Licra (Ligue internationale contre le racisme et l&rsquo;antis\u00e9mitisme)<\/li>\n\n\n\n<li>Th\u00e9\u00e2tre Andr\u00e9 Malraux de Rueil Malmaison<\/li>\n<\/ul>\n\n\n\n<p><mark style=\"background-color:rgba(0, 0, 0, 0);color:#34646e\" class=\"has-inline-color\"><strong><em>\u00c0 noter :<\/em><\/strong> <\/mark>dossier p\u00e9dagogique du spectacle accessible sur demande par mail<\/p>\n<\/div>\n\n\n\n<div class=\"wp-block-column is-layout-flow wp-block-column-is-layout-flow\">\n<p><em><strong><em><mark style=\"background-color:rgba(0, 0, 0, 0);color:#34646e\" class=\"has-inline-color\">Critiques du spectacle :&nbsp;<\/mark><\/em><\/strong><\/em><\/p>\n\n\n\n<h2 class=\"wp-block-heading\"><mark style=\"background-color:#ffffff\" class=\"has-inline-color has-black-color\">\u00abLes marchands d&rsquo;\u00e9toiles bouleversent. Des \u00e9motions brutes et chez brutes\u00bb Paris Premi\u00e8re<\/mark><\/h2>\n\n\n\n<h2 class=\"wp-block-heading\">\u00ab<em>Anthony Michineau a r\u00e9ussi une pi\u00e8ce simple et terrifiante o\u00f9 les plus banales compromissions deviennent trag\u00e9dies. Sa force est de mettre en sc\u00e8ne des Fran\u00e7ais ordinaires, ni pires ni meilleurs que les autres<\/em>\u00bb T\u00e9l\u00e9rama (TT)<\/h2>\n\n\n\n<h2 class=\"wp-block-heading\">\u00ab\u00a0Des com\u00e9diens formidables de v\u00e9rit\u00e9\u00a0\u00bb VSD<\/h2>\n\n\n\n<h2 class=\"wp-block-heading\">\u00ab <em>Grand succ\u00e8s au Festival d&rsquo;Avignon<\/em>, <em>cette histoire captivante, entre humour et trag\u00e9die, tient en haleine<\/em> \u00bb Le Parisien<\/h2>\n<\/div>\n<\/div>\n","protected":false},"excerpt":{"rendered":"<p>R\u00e9sum\u00e9 :&nbsp; Billetterie : r\u00e9servation-les marchands d&rsquo;\u00e9toiles O\u00f9 voir le spectacle :&nbsp; Prix :\u00a0 Auteur : Anthony Michineau Metteur en sc\u00e8ne :&nbsp;Julien Alluguette, assist\u00e9 de &hellip; <\/p>\n","protected":false},"author":1,"featured_media":0,"parent":0,"menu_order":0,"comment_status":"closed","ping_status":"closed","template":"","meta":{"footnotes":""},"class_list":["post-128","page","type-page","status-publish","hentry"],"_links":{"self":[{"href":"http:\/\/productiondumatin.fr\/index.php\/wp-json\/wp\/v2\/pages\/128","targetHints":{"allow":["GET"]}}],"collection":[{"href":"http:\/\/productiondumatin.fr\/index.php\/wp-json\/wp\/v2\/pages"}],"about":[{"href":"http:\/\/productiondumatin.fr\/index.php\/wp-json\/wp\/v2\/types\/page"}],"author":[{"embeddable":true,"href":"http:\/\/productiondumatin.fr\/index.php\/wp-json\/wp\/v2\/users\/1"}],"replies":[{"embeddable":true,"href":"http:\/\/productiondumatin.fr\/index.php\/wp-json\/wp\/v2\/comments?post=128"}],"version-history":[{"count":11,"href":"http:\/\/productiondumatin.fr\/index.php\/wp-json\/wp\/v2\/pages\/128\/revisions"}],"predecessor-version":[{"id":392,"href":"http:\/\/productiondumatin.fr\/index.php\/wp-json\/wp\/v2\/pages\/128\/revisions\/392"}],"wp:attachment":[{"href":"http:\/\/productiondumatin.fr\/index.php\/wp-json\/wp\/v2\/media?parent=128"}],"curies":[{"name":"wp","href":"https:\/\/api.w.org\/{rel}","templated":true}]}}