{"id":27,"date":"2023-04-03T16:01:07","date_gmt":"2023-04-03T14:01:07","guid":{"rendered":"http:\/\/productiondumatin.fr\/productiondumatin\/?page_id=27"},"modified":"2023-05-15T12:27:51","modified_gmt":"2023-05-15T10:27:51","slug":"nos-partenaires","status":"publish","type":"page","link":"http:\/\/productiondumatin.fr\/index.php\/nos-partenaires\/","title":{"rendered":"Nos partenaires"},"content":{"rendered":"\n<ul class=\"wp-block-list\">\n<li><img loading=\"lazy\" decoding=\"async\" width=\"40\" height=\"40\" class=\"wp-image-311\" style=\"width: 40px;\" src=\"http:\/\/productiondumatin.fr\/productiondumatin\/wp-content\/uploads\/2023\/05\/image-6.png\" alt=\"\" srcset=\"http:\/\/productiondumatin.fr\/wp-content\/uploads\/2023\/05\/image-6.png 225w, http:\/\/productiondumatin.fr\/wp-content\/uploads\/2023\/05\/image-6-150x150.png 150w, http:\/\/productiondumatin.fr\/wp-content\/uploads\/2023\/05\/image-6-60x60.png 60w\" sizes=\"auto, (max-width: 40px) 100vw, 40px\" \/> Licra (Ligue internationale contre le racisme et l&rsquo;antis\u00e9mitisme)<\/li>\n\n\n\n<li><img loading=\"lazy\" decoding=\"async\" width=\"40\" height=\"40\" class=\"wp-image-308\" style=\"width: 40px;\" src=\"http:\/\/productiondumatin.fr\/productiondumatin\/wp-content\/uploads\/2023\/05\/image-4.png\" alt=\"\" srcset=\"http:\/\/productiondumatin.fr\/wp-content\/uploads\/2023\/05\/image-4.png 1024w, http:\/\/productiondumatin.fr\/wp-content\/uploads\/2023\/05\/image-4-300x300.png 300w, http:\/\/productiondumatin.fr\/wp-content\/uploads\/2023\/05\/image-4-150x150.png 150w, http:\/\/productiondumatin.fr\/wp-content\/uploads\/2023\/05\/image-4-768x768.png 768w, http:\/\/productiondumatin.fr\/wp-content\/uploads\/2023\/05\/image-4-60x60.png 60w\" sizes=\"auto, (max-width: 40px) 100vw, 40px\" \/>Th\u00e9\u00e2tre Andr\u00e9 Malraux de Rueil Malmaison<\/li>\n<\/ul>\n","protected":false},"excerpt":{"rendered":"","protected":false},"author":1,"featured_media":0,"parent":0,"menu_order":0,"comment_status":"closed","ping_status":"open","template":"","meta":{"footnotes":""},"class_list":["post-27","page","type-page","status-publish","hentry"],"_links":{"self":[{"href":"http:\/\/productiondumatin.fr\/index.php\/wp-json\/wp\/v2\/pages\/27","targetHints":{"allow":["GET"]}}],"collection":[{"href":"http:\/\/productiondumatin.fr\/index.php\/wp-json\/wp\/v2\/pages"}],"about":[{"href":"http:\/\/productiondumatin.fr\/index.php\/wp-json\/wp\/v2\/types\/page"}],"author":[{"embeddable":true,"href":"http:\/\/productiondumatin.fr\/index.php\/wp-json\/wp\/v2\/users\/1"}],"replies":[{"embeddable":true,"href":"http:\/\/productiondumatin.fr\/index.php\/wp-json\/wp\/v2\/comments?post=27"}],"version-history":[{"count":3,"href":"http:\/\/productiondumatin.fr\/index.php\/wp-json\/wp\/v2\/pages\/27\/revisions"}],"predecessor-version":[{"id":312,"href":"http:\/\/productiondumatin.fr\/index.php\/wp-json\/wp\/v2\/pages\/27\/revisions\/312"}],"wp:attachment":[{"href":"http:\/\/productiondumatin.fr\/index.php\/wp-json\/wp\/v2\/media?parent=27"}],"curies":[{"name":"wp","href":"https:\/\/api.w.org\/{rel}","templated":true}]}}