{"id":237,"date":"2023-04-21T15:39:12","date_gmt":"2023-04-21T13:39:12","guid":{"rendered":"http:\/\/productiondumatin.fr\/productiondumatin\/?page_id=237"},"modified":"2023-05-02T13:40:09","modified_gmt":"2023-05-02T11:40:09","slug":"die-stellvertreterin","status":"publish","type":"page","link":"https:\/\/productiondumatin.fr\/index.php\/die-stellvertreterin\/","title":{"rendered":"Die Stellvertreterin"},"content":{"rendered":"\n<figure class=\"wp-block-image size-full\"><img loading=\"lazy\" decoding=\"async\" width=\"490\" height=\"726\" src=\"http:\/\/productiondumatin.fr\/productiondumatin\/wp-content\/uploads\/2023\/05\/affiche-la-remplacante1.jpg\" alt=\"\" class=\"wp-image-260\" srcset=\"https:\/\/productiondumatin.fr\/wp-content\/uploads\/2023\/05\/affiche-la-remplacante1.jpg 490w, https:\/\/productiondumatin.fr\/wp-content\/uploads\/2023\/05\/affiche-la-remplacante1-202x300.jpg 202w, https:\/\/productiondumatin.fr\/wp-content\/uploads\/2023\/05\/affiche-la-remplacante1-40x60.jpg 40w\" sizes=\"auto, (max-width: 490px) 100vw, 490px\" \/><\/figure>\n\n\n\n<p><strong><em><mark style=\"background-color:rgba(0, 0, 0, 0);color:#34646e\" class=\"has-inline-color\">Zusammenfassung :<\/mark><\/em><\/strong><\/p>\n\n\n\n<p>Manuel hatte geplant, einen Nachtzug zu nehmen, um mit seiner Frau in den Urlaub zu fahren. Doch an diesem Abend kommt seine Frau nicht. In seinem Waggon wird er \u2026 eine Ersatzfahrerin haben! Camille hat kein Ticket, sie ist dynamisch, laut, aufdringlich und l\u00e4sst sich nichts gefallen, aber sie ist auch charmant, entwaffnend, witzig und liebenswert. Genau wie Manuel wird sie Sie dazu bringen, lieber mit dem Zug zu fahren.<\/p>\n\n\n\n<p><strong><em><mark style=\"background-color:rgba(0, 0, 0, 0);color:#34646e\" class=\"has-inline-color\">Details :<\/mark><\/em><\/strong> 2 Personen auf der B\u00fchne (ein Mann und eine Frau).<\/p>\n\n\n\n<p><strong><em><mark style=\"background-color:rgba(0, 0, 0, 0);color:#34646e\" class=\"has-inline-color\">Dauer des St\u00fccks :<\/mark><\/em><\/strong> 1 Std. 20 Min.<\/p>\n\n\n\n<p><strong><em><mark style=\"background-color:rgba(0, 0, 0, 0);color:#34646e\" class=\"has-inline-color\">Wo kann man das St\u00fcck sehen :<\/mark><\/em><\/strong> 2. bis 5. November 2023, Th\u00e9\u00e2tre \u00e0 Moustaches, Compi\u00e8gne.<\/p>\n\n\n\n<p><strong><em><mark style=\"background-color:rgba(0, 0, 0, 0);color:#34646e\" class=\"has-inline-color\">Autor :<\/mark><\/em><\/strong> Anthony Michineau<\/p>\n\n\n\n<p><strong><em><mark style=\"background-color:rgba(0, 0, 0, 0);color:#34646e\" class=\"has-inline-color\">Regisseur :<\/mark><\/em><\/strong> Anthony Michineau<\/p>\n\n\n\n<figure class=\"wp-block-image size-full\"><img loading=\"lazy\" decoding=\"async\" width=\"822\" height=\"560\" src=\"http:\/\/productiondumatin.fr\/productiondumatin\/wp-content\/uploads\/2023\/05\/IMG_3888.jpg\" alt=\"\" class=\"wp-image-261\" srcset=\"https:\/\/productiondumatin.fr\/wp-content\/uploads\/2023\/05\/IMG_3888.jpg 822w, https:\/\/productiondumatin.fr\/wp-content\/uploads\/2023\/05\/IMG_3888-300x204.jpg 300w, https:\/\/productiondumatin.fr\/wp-content\/uploads\/2023\/05\/IMG_3888-768x523.jpg 768w, https:\/\/productiondumatin.fr\/wp-content\/uploads\/2023\/05\/IMG_3888-88x60.jpg 88w\" sizes=\"auto, (max-width: 822px) 100vw, 822px\" \/><\/figure>\n\n\n\n<p><strong><em><mark style=\"background-color:rgba(0, 0, 0, 0);color:#34646e\" class=\"has-inline-color\">Hinweis :<\/mark><\/em><\/strong> Diese Auff\u00fchrung wird auch im Ausland, in Rum\u00e4nien, mit Medeea Marinescu und Marius Manole produziert. Die rum\u00e4nische Version, Fa-Mi Loc!, wurde in Rum\u00e4nien, Belgien, Deutschland und England \u00fcber 150 Mal aufgef\u00fchrt.<\/p>\n\n\n\n<figure class=\"wp-block-image size-full\"><img loading=\"lazy\" decoding=\"async\" width=\"761\" height=\"1015\" src=\"http:\/\/productiondumatin.fr\/productiondumatin\/wp-content\/uploads\/2023\/05\/IMG_3886-1.jpg\" alt=\"\" class=\"wp-image-263\" srcset=\"https:\/\/productiondumatin.fr\/wp-content\/uploads\/2023\/05\/IMG_3886-1.jpg 761w, https:\/\/productiondumatin.fr\/wp-content\/uploads\/2023\/05\/IMG_3886-1-225x300.jpg 225w, https:\/\/productiondumatin.fr\/wp-content\/uploads\/2023\/05\/IMG_3886-1-45x60.jpg 45w\" sizes=\"auto, (max-width: 761px) 100vw, 761px\" \/><\/figure>\n","protected":false},"excerpt":{"rendered":"<p>Zusammenfassung : Manuel hatte geplant, einen Nachtzug zu nehmen, um mit seiner Frau in den Urlaub zu fahren. Doch an diesem Abend kommt seine Frau &hellip; <\/p>\n","protected":false},"author":1,"featured_media":0,"parent":0,"menu_order":0,"comment_status":"closed","ping_status":"closed","template":"","meta":{"footnotes":""},"class_list":["post-237","page","type-page","status-publish","hentry"],"_links":{"self":[{"href":"https:\/\/productiondumatin.fr\/index.php\/wp-json\/wp\/v2\/pages\/237","targetHints":{"allow":["GET"]}}],"collection":[{"href":"https:\/\/productiondumatin.fr\/index.php\/wp-json\/wp\/v2\/pages"}],"about":[{"href":"https:\/\/productiondumatin.fr\/index.php\/wp-json\/wp\/v2\/types\/page"}],"author":[{"embeddable":true,"href":"https:\/\/productiondumatin.fr\/index.php\/wp-json\/wp\/v2\/users\/1"}],"replies":[{"embeddable":true,"href":"https:\/\/productiondumatin.fr\/index.php\/wp-json\/wp\/v2\/comments?post=237"}],"version-history":[{"count":2,"href":"https:\/\/productiondumatin.fr\/index.php\/wp-json\/wp\/v2\/pages\/237\/revisions"}],"predecessor-version":[{"id":264,"href":"https:\/\/productiondumatin.fr\/index.php\/wp-json\/wp\/v2\/pages\/237\/revisions\/264"}],"wp:attachment":[{"href":"https:\/\/productiondumatin.fr\/index.php\/wp-json\/wp\/v2\/media?parent=237"}],"curies":[{"name":"wp","href":"https:\/\/api.w.org\/{rel}","templated":true}]}}