{"id":28,"date":"2023-03-31T12:59:22","date_gmt":"2023-03-31T10:59:22","guid":{"rendered":"http:\/\/productiondumatin.fr\/productiondumatin\/?page_id=28"},"modified":"2023-06-16T12:38:41","modified_gmt":"2023-06-16T10:38:41","slug":"nous-contacter","status":"publish","type":"page","link":"https:\/\/productiondumatin.fr\/index.php\/nous-contacter\/","title":{"rendered":"Nous contacter"},"content":{"rendered":"\n<div class=\"wp-block-columns is-layout-flex wp-container-core-columns-is-layout-1 wp-block-columns-is-layout-flex\">\n<div class=\"wp-block-column is-layout-flow wp-block-column-is-layout-flow\" style=\"flex-basis:100%\">\n<div class=\"wp-block-group\"><div class=\"wp-block-group__inner-container is-layout-constrained wp-block-group-is-layout-constrained\">\n<p><strong>Production du matin<\/strong><\/p>\n\n\n\n<p><em>Licence d&rsquo;entrepreneur de spectacles (Licence Cat. 2)<\/em><\/p>\n\n\n\n<p><img loading=\"lazy\" decoding=\"async\" width=\"40\" height=\"40\" class=\"wp-image-302\" style=\"width: 40px;\" src=\"http:\/\/productiondumatin.fr\/productiondumatin\/wp-content\/uploads\/2023\/05\/image-1.png\" alt=\"\" srcset=\"https:\/\/productiondumatin.fr\/wp-content\/uploads\/2023\/05\/image-1.png 612w, https:\/\/productiondumatin.fr\/wp-content\/uploads\/2023\/05\/image-1-300x300.png 300w, https:\/\/productiondumatin.fr\/wp-content\/uploads\/2023\/05\/image-1-150x150.png 150w, https:\/\/productiondumatin.fr\/wp-content\/uploads\/2023\/05\/image-1-60x60.png 60w\" sizes=\"auto, (max-width: 40px) 100vw, 40px\" \/><strong><em><mark style=\"background-color:rgba(0, 0, 0, 0);color:#34646e\" class=\"has-inline-color\">Adresse postale :<\/mark><\/em><\/strong> 100 Boulevard Maurice Berttaux 78420 Carri\u00e8res-sur-Seine<\/p>\n\n\n\n<p><img loading=\"lazy\" decoding=\"async\" width=\"40\" height=\"40\" class=\"wp-image-303\" style=\"width: 40px;\" src=\"http:\/\/productiondumatin.fr\/productiondumatin\/wp-content\/uploads\/2023\/05\/image-2.png\" alt=\"\" srcset=\"https:\/\/productiondumatin.fr\/wp-content\/uploads\/2023\/05\/image-2.png 200w, https:\/\/productiondumatin.fr\/wp-content\/uploads\/2023\/05\/image-2-150x150.png 150w, https:\/\/productiondumatin.fr\/wp-content\/uploads\/2023\/05\/image-2-60x60.png 60w\" sizes=\"auto, (max-width: 40px) 100vw, 40px\" \/><em><strong><mark style=\"background-color:rgba(0, 0, 0, 0);color:#34646e\" class=\"has-inline-color\">Mail :<\/mark><\/strong><\/em> productiondumatin@gmail.com<\/p>\n\n\n\n<p><img loading=\"lazy\" decoding=\"async\" width=\"40\" height=\"40\" class=\"wp-image-304\" style=\"width: 40px;\" src=\"http:\/\/productiondumatin.fr\/productiondumatin\/wp-content\/uploads\/2023\/05\/image-3.png\" alt=\"\" srcset=\"https:\/\/productiondumatin.fr\/wp-content\/uploads\/2023\/05\/image-3.png 612w, https:\/\/productiondumatin.fr\/wp-content\/uploads\/2023\/05\/image-3-300x300.png 300w, https:\/\/productiondumatin.fr\/wp-content\/uploads\/2023\/05\/image-3-150x150.png 150w, https:\/\/productiondumatin.fr\/wp-content\/uploads\/2023\/05\/image-3-60x60.png 60w\" sizes=\"auto, (max-width: 40px) 100vw, 40px\" \/><strong><em><mark style=\"background-color:rgba(0, 0, 0, 0);color:#34646e\" class=\"has-inline-color\">T\u00e9l\u00e9phone :<\/mark><\/em><\/strong> +(33) 6 35 29 18 05<\/p>\n<\/div><\/div>\n<\/div>\n<\/div>\n\n\n\n<div class=\"wp-block-columns is-layout-flex wp-container-core-columns-is-layout-2 wp-block-columns-is-layout-flex\">\n<div class=\"wp-block-column is-layout-flow wp-block-column-is-layout-flow\">\n<p><strong>Production du matin<\/strong><\/p>\n\n\n\n<p><\/p>\n\n\n\n<p><img loading=\"lazy\" decoding=\"async\" width=\"40\" height=\"40\" class=\"wp-image-303\" style=\"width: 40px;\" src=\"http:\/\/productiondumatin.fr\/productiondumatin\/wp-content\/uploads\/2023\/05\/image-2.png\" alt=\"\" srcset=\"https:\/\/productiondumatin.fr\/wp-content\/uploads\/2023\/05\/image-2.png 200w, https:\/\/productiondumatin.fr\/wp-content\/uploads\/2023\/05\/image-2-150x150.png 150w, https:\/\/productiondumatin.fr\/wp-content\/uploads\/2023\/05\/image-2-60x60.png 60w\" sizes=\"auto, (max-width: 40px) 100vw, 40px\" \/><em><strong><mark style=\"background-color:rgba(0, 0, 0, 0);color:#34646e\" class=\"has-inline-color\">Mail :<\/mark><\/strong><\/em> productiondumatin@gmail.com<\/p>\n\n\n\n<p><img loading=\"lazy\" decoding=\"async\" width=\"40\" height=\"40\" class=\"wp-image-304\" style=\"width: 40px;\" src=\"http:\/\/productiondumatin.fr\/productiondumatin\/wp-content\/uploads\/2023\/05\/image-3.png\" alt=\"\" srcset=\"https:\/\/productiondumatin.fr\/wp-content\/uploads\/2023\/05\/image-3.png 612w, https:\/\/productiondumatin.fr\/wp-content\/uploads\/2023\/05\/image-3-300x300.png 300w, https:\/\/productiondumatin.fr\/wp-content\/uploads\/2023\/05\/image-3-150x150.png 150w, https:\/\/productiondumatin.fr\/wp-content\/uploads\/2023\/05\/image-3-60x60.png 60w\" sizes=\"auto, (max-width: 40px) 100vw, 40px\" \/><strong><em><mark style=\"background-color:rgba(0, 0, 0, 0);color:#34646e\" class=\"has-inline-color\">T\u00e9l\u00e9phone :<\/mark><\/em><\/strong> +(33) 6 35 29 18 05<\/p>\n<\/div>\n\n\n\n<div class=\"wp-block-column is-layout-flow wp-block-column-is-layout-flow\">\n<p><strong>Diffusion Prom\u00e9th\u00e9e productions<\/strong><\/p>\n\n\n\n<p><a href=\"https:\/\/www.pmproductions.fr\/\">https:\/\/www.pmproductions.fr\/<\/a><\/p>\n\n\n\n<p><strong>En tourn\u00e9e en 2023-2024-2025<\/strong><\/p>\n\n\n\n<p>Com\u00e9die dramatique<\/p>\n\n\n\n<p>Dur\u00e9e : 1h30<\/p>\n\n\n\n<p><strong>Contact\u00a0tourn\u00e9e<\/strong>\u00a0: Elodie Destigny<br><img loading=\"lazy\" decoding=\"async\" width=\"40\" height=\"40\" class=\"wp-image-303\" style=\"width: 40px;\" src=\"http:\/\/productiondumatin.fr\/productiondumatin\/wp-content\/uploads\/2023\/05\/image-2.png\" alt=\"\" srcset=\"https:\/\/productiondumatin.fr\/wp-content\/uploads\/2023\/05\/image-2.png 200w, https:\/\/productiondumatin.fr\/wp-content\/uploads\/2023\/05\/image-2-150x150.png 150w, https:\/\/productiondumatin.fr\/wp-content\/uploads\/2023\/05\/image-2-60x60.png 60w\" sizes=\"auto, (max-width: 40px) 100vw, 40px\" \/><em><strong><mark style=\"background-color:rgba(0, 0, 0, 0);color:#34646e\" class=\"has-inline-color\">Mail :<\/mark><\/strong><\/em> <a href=\"mailto:elodie@pmproductions.fr\">elodie@pmproductions.fr<\/a><\/p>\n\n\n\n<p><img loading=\"lazy\" decoding=\"async\" width=\"40\" height=\"40\" class=\"wp-image-304\" style=\"width: 40px;\" src=\"http:\/\/productiondumatin.fr\/productiondumatin\/wp-content\/uploads\/2023\/05\/image-3.png\" alt=\"\" srcset=\"https:\/\/productiondumatin.fr\/wp-content\/uploads\/2023\/05\/image-3.png 612w, https:\/\/productiondumatin.fr\/wp-content\/uploads\/2023\/05\/image-3-300x300.png 300w, https:\/\/productiondumatin.fr\/wp-content\/uploads\/2023\/05\/image-3-150x150.png 150w, https:\/\/productiondumatin.fr\/wp-content\/uploads\/2023\/05\/image-3-60x60.png 60w\" sizes=\"auto, (max-width: 40px) 100vw, 40px\" \/><strong><em><mark style=\"background-color:rgba(0, 0, 0, 0);color:#34646e\" class=\"has-inline-color\">T\u00e9l\u00e9phone :<\/mark><\/em><\/strong> 09 86 27 29 55 \/ 06 49 46 39 06<\/p>\n<\/div>\n<\/div>\n","protected":false},"excerpt":{"rendered":"<p>Production du matin Licence d&rsquo;entrepreneur de spectacles (Licence Cat. 2) Adresse postale : 100 Boulevard Maurice Berttaux 78420 Carri\u00e8res-sur-Seine Mail : productiondumatin@gmail.com T\u00e9l\u00e9phone : +(33) &hellip; <\/p>\n","protected":false},"author":1,"featured_media":0,"parent":0,"menu_order":0,"comment_status":"closed","ping_status":"open","template":"","meta":{"footnotes":""},"class_list":["post-28","page","type-page","status-publish","hentry"],"_links":{"self":[{"href":"https:\/\/productiondumatin.fr\/index.php\/wp-json\/wp\/v2\/pages\/28","targetHints":{"allow":["GET"]}}],"collection":[{"href":"https:\/\/productiondumatin.fr\/index.php\/wp-json\/wp\/v2\/pages"}],"about":[{"href":"https:\/\/productiondumatin.fr\/index.php\/wp-json\/wp\/v2\/types\/page"}],"author":[{"embeddable":true,"href":"https:\/\/productiondumatin.fr\/index.php\/wp-json\/wp\/v2\/users\/1"}],"replies":[{"embeddable":true,"href":"https:\/\/productiondumatin.fr\/index.php\/wp-json\/wp\/v2\/comments?post=28"}],"version-history":[{"count":15,"href":"https:\/\/productiondumatin.fr\/index.php\/wp-json\/wp\/v2\/pages\/28\/revisions"}],"predecessor-version":[{"id":385,"href":"https:\/\/productiondumatin.fr\/index.php\/wp-json\/wp\/v2\/pages\/28\/revisions\/385"}],"wp:attachment":[{"href":"https:\/\/productiondumatin.fr\/index.php\/wp-json\/wp\/v2\/media?parent=28"}],"curies":[{"name":"wp","href":"https:\/\/api.w.org\/{rel}","templated":true}]}}